{"id":1182,"date":"2023-03-16T09:55:28","date_gmt":"2023-03-16T09:55:28","guid":{"rendered":"https:\/\/laterrassedurabioux.com\/?page_id=1182"},"modified":"2024-05-09T16:53:42","modified_gmt":"2024-05-09T16:53:42","slug":"details-du-gite","status":"publish","type":"page","link":"https:\/\/www.laterrassedurabioux.com\/?page_id=1182","title":{"rendered":"D\u00e9tails du g\u00eete"},"content":{"rendered":"\n<p>Le\u00a0<strong>G\u00eete La Terrasse du Rabioux<\/strong>\u00a0est un h\u00e9bergement de charme situ\u00e9 dans la magnifique r\u00e9gion montagneuse pr\u00e8s de Ch\u00e2teauroux-les-Alpes. Voici quelques points forts de ce g\u00eete :<\/p>\n\n\n\n<ul class=\"wp-block-list\">\n<li><strong>Emplacement Id\u00e9al :<\/strong> Il se trouve au bord du GR50 dans le parc des \u00c9crins, offrant un acc\u00e8s direct \u00e0 de superbes randonn\u00e9es.<\/li>\n\n\n\n<li><strong>Activit\u00e9s Vari\u00e9es :<\/strong> \u00c0 proximit\u00e9, vous pouvez profiter de la baignade et des activit\u00e9s nautiques sur le plan d\u2019eau d\u2019Embrun, le lac d\u2019Eygliers, Siguret et Serre Pon\u00e7on.<\/li>\n\n\n\n<li><strong>Proximit\u00e9 des Stations de Ski :<\/strong> Les stations de Vars, Risoul, les Orres, Cr\u00e9voux, R\u00e9allon, et Ceillac sont toutes accessibles pour les amateurs de sports d\u2019hiver.<\/li>\n\n\n\n<li><strong>Confort et Accueil :<\/strong> Le g\u00eete est bien \u00e9quip\u00e9 et offre une vue imprenable sur les montagnes.<\/li>\n<\/ul>\n\n\n\n<div style=\"height:25px\" aria-hidden=\"true\" class=\"wp-block-spacer\"><\/div>\n\n\n\n<h1 class=\"wp-block-heading has-text-align-center\">Vue panoramique sur les montagnes<\/h1>\n\n\n\n<div class=\"wp-block-essential-blocks-image-gallery\"><div class=\"eb-parent-wrapper eb-parent-eb-image-gallery-9y3g7 \"><div class=\"eb-gallery-img-wrapper eb-image-gallery-9y3g7 masonry overlay-bottom caption-style-0   no-isotope \" data-id=\"eb-image-gallery-9y3g7\"><a href=\"https:\/\/www.laterrassedurabioux.com\/wp-content\/uploads\/2024\/05\/PXL_20220429_091957487-scaled.jpg\" rel=\"noopener\" data-fslightbox=\"gallery\" data-type=\"image\" class=\"eb-gallery-img-content eb-filter-img-\"><span class=\"eb-gallery-link-wrapper\"><img decoding=\"async\" class=\"eb-gallery-img\" src=\"https:\/\/www.laterrassedurabioux.com\/wp-content\/uploads\/2024\/05\/PXL_20220429_091957487-scaled.jpg\" image-index=\"0\" alt=\"\"\/><\/span><\/a><a href=\"https:\/\/www.laterrassedurabioux.com\/wp-content\/uploads\/2024\/05\/PXL_20211202_113135077.MP_-scaled.jpg\" rel=\"noopener\" data-fslightbox=\"gallery\" data-type=\"image\" class=\"eb-gallery-img-content eb-filter-img-\"><span class=\"eb-gallery-link-wrapper\"><img decoding=\"async\" class=\"eb-gallery-img\" src=\"https:\/\/www.laterrassedurabioux.com\/wp-content\/uploads\/2024\/05\/PXL_20211202_113135077.MP_-scaled.jpg\" image-index=\"1\" alt=\"\"\/><\/span><\/a><a href=\"https:\/\/www.laterrassedurabioux.com\/wp-content\/uploads\/2024\/05\/PXL_20220729_184637800-scaled.jpg\" rel=\"noopener\" data-fslightbox=\"gallery\" data-type=\"image\" class=\"eb-gallery-img-content eb-filter-img-\"><span class=\"eb-gallery-link-wrapper\"><img decoding=\"async\" class=\"eb-gallery-img\" src=\"https:\/\/www.laterrassedurabioux.com\/wp-content\/uploads\/2024\/05\/PXL_20220729_184637800-scaled.jpg\" image-index=\"2\" alt=\"\"\/><\/span><\/a><a href=\"https:\/\/www.laterrassedurabioux.com\/wp-content\/uploads\/2024\/05\/PXL_20240504_125816933-scaled.jpg\" rel=\"noopener\" data-fslightbox=\"gallery\" data-type=\"image\" class=\"eb-gallery-img-content eb-filter-img-\"><span class=\"eb-gallery-link-wrapper\"><img decoding=\"async\" class=\"eb-gallery-img\" src=\"https:\/\/www.laterrassedurabioux.com\/wp-content\/uploads\/2024\/05\/PXL_20240504_125816933-scaled.jpg\" image-index=\"3\" alt=\"\"\/><\/span><\/a><\/div><\/div><\/div>\n\n\n\n<div style=\"height:50px\" aria-hidden=\"true\" class=\"wp-block-spacer\"><\/div>\n\n\n\n<h1 class=\"wp-block-heading has-text-align-center\">Int\u00e9rieur du G\u00eete<\/h1>\n\n\n\n<div class=\"wp-block-essential-blocks-image-gallery\"><div class=\"eb-parent-wrapper eb-parent-eb-image-gallery-ccyp9 \"><div class=\"eb-gallery-img-wrapper eb-image-gallery-ccyp9 masonry overlay-bottom caption-style-0   no-isotope \" data-id=\"eb-image-gallery-ccyp9\"><a href=\"https:\/\/www.laterrassedurabioux.com\/wp-content\/uploads\/2024\/05\/PXL_20240504_1255342032-scaled.jpg\" rel=\"noopener\" data-fslightbox=\"gallery\" data-type=\"image\" class=\"eb-gallery-img-content eb-filter-img-\"><span class=\"eb-gallery-link-wrapper\"><img decoding=\"async\" class=\"eb-gallery-img\" src=\"https:\/\/www.laterrassedurabioux.com\/wp-content\/uploads\/2024\/05\/PXL_20240504_1255342032-scaled.jpg\" image-index=\"0\" alt=\"\"\/><span class=\"eb-gallery-img-caption center bottom\">salon<\/span><\/span><\/a><a href=\"https:\/\/www.laterrassedurabioux.com\/wp-content\/uploads\/2024\/05\/PXL_20240504_1255042482-scaled.jpg\" rel=\"noopener\" data-fslightbox=\"gallery\" data-type=\"image\" class=\"eb-gallery-img-content eb-filter-img-\"><span class=\"eb-gallery-link-wrapper\"><img decoding=\"async\" class=\"eb-gallery-img\" src=\"https:\/\/www.laterrassedurabioux.com\/wp-content\/uploads\/2024\/05\/PXL_20240504_1255042482-scaled.jpg\" image-index=\"1\" alt=\"\"\/><span class=\"eb-gallery-img-caption center bottom\">salon<\/span><\/span><\/a><a href=\"https:\/\/www.laterrassedurabioux.com\/wp-content\/uploads\/2024\/05\/PXL_20240504_1257091572-scaled.jpg\" rel=\"noopener\" data-fslightbox=\"gallery\" data-type=\"image\" class=\"eb-gallery-img-content eb-filter-img-\"><span class=\"eb-gallery-link-wrapper\"><img decoding=\"async\" class=\"eb-gallery-img\" src=\"https:\/\/www.laterrassedurabioux.com\/wp-content\/uploads\/2024\/05\/PXL_20240504_1257091572-scaled.jpg\" image-index=\"2\" alt=\"\"\/><span class=\"eb-gallery-img-caption center bottom\">chambre<\/span><\/span><\/a><a href=\"https:\/\/www.laterrassedurabioux.com\/wp-content\/uploads\/2024\/05\/PXL_20240504_1255531552-scaled.jpg\" rel=\"noopener\" data-fslightbox=\"gallery\" data-type=\"image\" class=\"eb-gallery-img-content eb-filter-img-\"><span class=\"eb-gallery-link-wrapper\"><img decoding=\"async\" class=\"eb-gallery-img\" src=\"https:\/\/www.laterrassedurabioux.com\/wp-content\/uploads\/2024\/05\/PXL_20240504_1255531552-scaled.jpg\" image-index=\"3\" alt=\"\"\/><span class=\"eb-gallery-img-caption center bottom\">salle d&rsquo;eau<\/span><\/span><\/a><\/div><\/div><\/div>\n","protected":false},"excerpt":{"rendered":"<p>Le\u00a0G\u00eete La Terrasse du Rabioux\u00a0est un h\u00e9bergement de charme situ\u00e9 dans la magnifique r\u00e9gion montagneuse pr\u00e8s de Ch\u00e2teauroux-les-Alpes. Voici quelques points forts de ce g\u00eete : Vue panoramique sur les montagnes Int\u00e9rieur du G\u00eete<\/p>\n","protected":false},"author":1,"featured_media":0,"parent":0,"menu_order":0,"comment_status":"closed","ping_status":"closed","template":"","meta":{"_eb_attr":"","footnotes":""},"class_list":["post-1182","page","type-page","status-publish","hentry"],"_links":{"self":[{"href":"https:\/\/www.laterrassedurabioux.com\/index.php?rest_route=\/wp\/v2\/pages\/1182","targetHints":{"allow":["GET"]}}],"collection":[{"href":"https:\/\/www.laterrassedurabioux.com\/index.php?rest_route=\/wp\/v2\/pages"}],"about":[{"href":"https:\/\/www.laterrassedurabioux.com\/index.php?rest_route=\/wp\/v2\/types\/page"}],"author":[{"embeddable":true,"href":"https:\/\/www.laterrassedurabioux.com\/index.php?rest_route=\/wp\/v2\/users\/1"}],"replies":[{"embeddable":true,"href":"https:\/\/www.laterrassedurabioux.com\/index.php?rest_route=%2Fwp%2Fv2%2Fcomments&post=1182"}],"version-history":[{"count":13,"href":"https:\/\/www.laterrassedurabioux.com\/index.php?rest_route=\/wp\/v2\/pages\/1182\/revisions"}],"predecessor-version":[{"id":1342,"href":"https:\/\/www.laterrassedurabioux.com\/index.php?rest_route=\/wp\/v2\/pages\/1182\/revisions\/1342"}],"wp:attachment":[{"href":"https:\/\/www.laterrassedurabioux.com\/index.php?rest_route=%2Fwp%2Fv2%2Fmedia&parent=1182"}],"curies":[{"name":"wp","href":"https:\/\/api.w.org\/{rel}","templated":true}]}}