{"id":1137,"date":"2023-03-15T14:34:03","date_gmt":"2023-03-15T14:34:03","guid":{"rendered":"https:\/\/laterrassedurabioux.com\/?page_id=1137"},"modified":"2024-05-09T16:36:33","modified_gmt":"2024-05-09T16:36:33","slug":"lieux-remarquables","status":"publish","type":"page","link":"https:\/\/www.laterrassedurabioux.com\/?page_id=1137","title":{"rendered":"Lieux remarquables"},"content":{"rendered":"\n<p class=\"has-medium-font-size\">Bienvenue \u00e0 Ch\u00e2teauroux-les-Alpes, un joyau nich\u00e9 dans les Hautes-Alpes, o\u00f9 la nature et l\u2019histoire se rencontrent pour offrir une exp\u00e9rience inoubliable. Voici un guide des lieux incontournables \u00e0 visiter :<\/p>\n\n\n\n<div style=\"height:25px\" aria-hidden=\"true\" class=\"wp-block-spacer\"><\/div>\n\n\n\n<div class=\"wp-block-media-text is-stacked-on-mobile is-image-fill\"><figure class=\"wp-block-media-text__media\" style=\"background-image:url(https:\/\/www.laterrassedurabioux.com\/wp-content\/uploads\/2024\/05\/PXL_20230714_155429697.PANO_-1024x395.jpg);background-position:56% 69%\"><img fetchpriority=\"high\" decoding=\"async\" width=\"1024\" height=\"395\" src=\"https:\/\/www.laterrassedurabioux.com\/wp-content\/uploads\/2024\/05\/PXL_20230714_155429697.PANO_-1024x395.jpg\" alt=\"\" class=\"wp-image-1309 size-full\" srcset=\"https:\/\/www.laterrassedurabioux.com\/wp-content\/uploads\/2024\/05\/PXL_20230714_155429697.PANO_-1024x395.jpg 1024w, https:\/\/www.laterrassedurabioux.com\/wp-content\/uploads\/2024\/05\/PXL_20230714_155429697.PANO_-300x116.jpg 300w, https:\/\/www.laterrassedurabioux.com\/wp-content\/uploads\/2024\/05\/PXL_20230714_155429697.PANO_-768x296.jpg 768w, https:\/\/www.laterrassedurabioux.com\/wp-content\/uploads\/2024\/05\/PXL_20230714_155429697.PANO_-1536x592.jpg 1536w, https:\/\/www.laterrassedurabioux.com\/wp-content\/uploads\/2024\/05\/PXL_20230714_155429697.PANO_-2048x790.jpg 2048w\" sizes=\"(max-width: 1024px) 100vw, 1024px\" \/><\/figure><div class=\"wp-block-media-text__content\">\n<h2 class=\"wp-block-heading\">Lac de Serre-Pon\u00e7on<\/h2>\n\n\n\n<p>Surnomm\u00e9 la \u201cmer \u00e0 la montagne\u201d, le lac de Serre-Pon\u00e7on est un incontournable. \u00c0 seulement 13 km de Ch\u00e2teauroux-les-Alpes, ce vaste plan d\u2019eau offre des panoramas \u00e9poustouflants et des activit\u00e9s nautiques vari\u00e9es.<\/p>\n<\/div><\/div>\n\n\n\n<div style=\"height:50px\" aria-hidden=\"true\" class=\"wp-block-spacer\"><\/div>\n\n\n\n<div class=\"wp-block-media-text has-media-on-the-right is-stacked-on-mobile is-image-fill\"><div class=\"wp-block-media-text__content\">\n<h2 class=\"wp-block-heading\">Mont-Dauphin<\/h2>\n\n\n\n<p>\u00c0 10 km, d\u00e9couvrez la place forte de Mont-Dauphin, \u00e9difi\u00e9e par Vauban et class\u00e9e au patrimoine mondial de l\u2019UNESCO. Un site historique qui t\u00e9moigne de l\u2019ing\u00e9niosit\u00e9 militaire du XVIIe si\u00e8cle.<\/p>\n\n\n\n<p>Image du site <a href=\"https:\/\/www.montdauphin-vauban.fr\/fr\" target=\"_blank\" rel=\"noreferrer noopener\">https:\/\/www.montdauphin-vauban.fr<\/a><\/p>\n<\/div><figure class=\"wp-block-media-text__media\" style=\"background-image:url(https:\/\/www.laterrassedurabioux.com\/wp-content\/uploads\/2024\/05\/tderosnay1-1024x576.jpg);background-position:50% 50%\"><img decoding=\"async\" width=\"1024\" height=\"576\" src=\"https:\/\/www.laterrassedurabioux.com\/wp-content\/uploads\/2024\/05\/tderosnay1-1024x576.jpg\" alt=\"\" class=\"wp-image-1330 size-full\" srcset=\"https:\/\/www.laterrassedurabioux.com\/wp-content\/uploads\/2024\/05\/tderosnay1-1024x576.jpg 1024w, https:\/\/www.laterrassedurabioux.com\/wp-content\/uploads\/2024\/05\/tderosnay1-300x169.jpg 300w, https:\/\/www.laterrassedurabioux.com\/wp-content\/uploads\/2024\/05\/tderosnay1-768x432.jpg 768w, https:\/\/www.laterrassedurabioux.com\/wp-content\/uploads\/2024\/05\/tderosnay1-1536x864.jpg 1536w, https:\/\/www.laterrassedurabioux.com\/wp-content\/uploads\/2024\/05\/tderosnay1-1140x641.jpg 1140w, https:\/\/www.laterrassedurabioux.com\/wp-content\/uploads\/2024\/05\/tderosnay1-720x405.jpg 720w, https:\/\/www.laterrassedurabioux.com\/wp-content\/uploads\/2024\/05\/tderosnay1.jpg 1600w\" sizes=\"(max-width: 1024px) 100vw, 1024px\" \/><\/figure><\/div>\n\n\n\n<div style=\"height:50px\" aria-hidden=\"true\" class=\"wp-block-spacer\"><\/div>\n\n\n\n<div class=\"wp-block-media-text is-stacked-on-mobile is-image-fill\"><figure class=\"wp-block-media-text__media\" style=\"background-image:url(https:\/\/www.laterrassedurabioux.com\/wp-content\/uploads\/2024\/05\/PXL_20231210_150418367.MP_-1024x768.jpg);background-position:50% 50%\"><img decoding=\"async\" width=\"1024\" height=\"768\" src=\"https:\/\/www.laterrassedurabioux.com\/wp-content\/uploads\/2024\/05\/PXL_20231210_150418367.MP_-1024x768.jpg\" alt=\"\" class=\"wp-image-1312 size-full\" srcset=\"https:\/\/www.laterrassedurabioux.com\/wp-content\/uploads\/2024\/05\/PXL_20231210_150418367.MP_-1024x768.jpg 1024w, https:\/\/www.laterrassedurabioux.com\/wp-content\/uploads\/2024\/05\/PXL_20231210_150418367.MP_-300x225.jpg 300w, https:\/\/www.laterrassedurabioux.com\/wp-content\/uploads\/2024\/05\/PXL_20231210_150418367.MP_-768x576.jpg 768w, https:\/\/www.laterrassedurabioux.com\/wp-content\/uploads\/2024\/05\/PXL_20231210_150418367.MP_-1536x1152.jpg 1536w, https:\/\/www.laterrassedurabioux.com\/wp-content\/uploads\/2024\/05\/PXL_20231210_150418367.MP_-2048x1536.jpg 2048w, https:\/\/www.laterrassedurabioux.com\/wp-content\/uploads\/2024\/05\/PXL_20231210_150418367.MP_-160x120.jpg 160w\" sizes=\"(max-width: 1024px) 100vw, 1024px\" \/><\/figure><div class=\"wp-block-media-text__content\">\n<h2 class=\"wp-block-heading\">Embrun<\/h2>\n\n\n\n<p>Connue comme la \u201cpetite Nice des Alpes\u201d et situ\u00e9e \u00e0 6 km, Embrun charme par son architecture pr\u00e9serv\u00e9e et ses ruelles pittoresques. Ne manquez pas de visiter sa cath\u00e9drale et de fl\u00e2ner le long de la Durance.<\/p>\n\n\n\n<p>On y trouve aussi : Le Plan d\u2019Eau d\u2019Embrun, un lieu de d\u00e9tente et d\u2019activit\u00e9s nautiques tr\u00e8s appr\u00e9ci\u00e9, situ\u00e9 \u00e0 seulement 2 km du centre-ville d\u2019Embrun. S\u00e9par\u00e9 par une digue du lac de Serre-Pon\u00e7on, il se trouve l\u00e0 o\u00f9 la Durance se jette dans le lac, faisant de ce plan d\u2019eau la principale zone d\u2019attraction touristique d\u2019Embrun.<\/p>\n<\/div><\/div>\n\n\n\n<div style=\"height:25px\" aria-hidden=\"true\" class=\"wp-block-spacer\"><\/div>\n\n\n\n<div class=\"wp-block-media-text is-stacked-on-mobile is-image-fill\"><figure class=\"wp-block-media-text__media\" style=\"background-image:url(https:\/\/www.laterrassedurabioux.com\/wp-content\/uploads\/2024\/05\/PXL_20231209_151753939.PANO_-1024x329.jpg);background-position:93% 60%\"><img loading=\"lazy\" decoding=\"async\" width=\"1024\" height=\"329\" src=\"https:\/\/www.laterrassedurabioux.com\/wp-content\/uploads\/2024\/05\/PXL_20231209_151753939.PANO_-1024x329.jpg\" alt=\"\" class=\"wp-image-1326 size-full\" srcset=\"https:\/\/www.laterrassedurabioux.com\/wp-content\/uploads\/2024\/05\/PXL_20231209_151753939.PANO_-1024x329.jpg 1024w, https:\/\/www.laterrassedurabioux.com\/wp-content\/uploads\/2024\/05\/PXL_20231209_151753939.PANO_-300x96.jpg 300w, https:\/\/www.laterrassedurabioux.com\/wp-content\/uploads\/2024\/05\/PXL_20231209_151753939.PANO_-768x247.jpg 768w, https:\/\/www.laterrassedurabioux.com\/wp-content\/uploads\/2024\/05\/PXL_20231209_151753939.PANO_-1536x493.jpg 1536w, https:\/\/www.laterrassedurabioux.com\/wp-content\/uploads\/2024\/05\/PXL_20231209_151753939.PANO_-2048x658.jpg 2048w\" sizes=\"(max-width: 1024px) 100vw, 1024px\" \/><\/figure><div class=\"wp-block-media-text__content\">\n<h2 class=\"wp-block-heading\">Plan d&rsquo;eau d&rsquo;Embrun<\/h2>\n\n\n\n<p>Il est un lieu de d\u00e9tente et d\u2019activit\u00e9s nautiques tr\u00e8s appr\u00e9ci\u00e9, situ\u00e9 \u00e0 seulement 2 km du centre-ville d\u2019Embrun. S\u00e9par\u00e9 par une digue du lac de Serre-Pon\u00e7on, il se trouve l\u00e0 o\u00f9 la Durance se jette dans le lac, faisant de ce plan d\u2019eau la principale zone d\u2019attraction touristique d\u2019Embrun.<\/p>\n\n\n\n<ul class=\"wp-block-list\">\n<li><strong>Plages engazonn\u00e9es et ombrag\u00e9es :<\/strong> Des plages publiques, labellis\u00e9es Pavillon Bleu depuis 2015, \u00e9quip\u00e9es de douches et de sanitaires pour le confort des visiteurs.<\/li>\n\n\n\n<li><strong>Aires de jeux et de p\u00e9tanque :<\/strong> Des espaces d\u00e9di\u00e9s aux loisirs et \u00e0 la d\u00e9tente pour tous les \u00e2ges.<\/li>\n\n\n\n<li><strong>Bases nautiques :<\/strong> Des activit\u00e9s ludiques vari\u00e9es sur l\u2019eau pour profiter pleinement du cadre.<\/li>\n\n\n\n<li><strong>Restaurants et commerces :<\/strong> Des \u00e9tablissements \u00e0 proximit\u00e9 pour se restaurer et fl\u00e2ner.<\/li>\n\n\n\n<li><strong>Sentier \u201cAu Fil de l\u2019Eau\u201d :<\/strong> Un agr\u00e9able sentier de 2.6 km qui fait le tour du plan d\u2019eau, id\u00e9al pour une promenade ou un jogging.<\/li>\n<\/ul>\n<\/div><\/div>\n\n\n\n<div style=\"height:50px\" aria-hidden=\"true\" class=\"wp-block-spacer\"><\/div>\n\n\n\n<div class=\"wp-block-media-text has-media-on-the-right is-stacked-on-mobile is-image-fill\"><div class=\"wp-block-media-text__content\">\n<h2 class=\"wp-block-heading\">Parc National des Ecrins<\/h2>\n\n\n\n<p>Pour les amoureux de la randonn\u00e9e et d\u2019escalade, le Parc National des \u00c9crins, est un terrain de jeu id\u00e9al avec sa faune et sa flore riches.<\/p>\n<\/div><figure class=\"wp-block-media-text__media\" style=\"background-image:url(https:\/\/www.laterrassedurabioux.com\/wp-content\/uploads\/2024\/05\/PXL_20220812_132524536-1024x768.jpg);background-position:50% 50%\"><img loading=\"lazy\" decoding=\"async\" width=\"1024\" height=\"768\" src=\"https:\/\/www.laterrassedurabioux.com\/wp-content\/uploads\/2024\/05\/PXL_20220812_132524536-1024x768.jpg\" alt=\"\" class=\"wp-image-1313 size-full\" srcset=\"https:\/\/www.laterrassedurabioux.com\/wp-content\/uploads\/2024\/05\/PXL_20220812_132524536-1024x768.jpg 1024w, https:\/\/www.laterrassedurabioux.com\/wp-content\/uploads\/2024\/05\/PXL_20220812_132524536-300x225.jpg 300w, https:\/\/www.laterrassedurabioux.com\/wp-content\/uploads\/2024\/05\/PXL_20220812_132524536-768x576.jpg 768w, https:\/\/www.laterrassedurabioux.com\/wp-content\/uploads\/2024\/05\/PXL_20220812_132524536-1536x1152.jpg 1536w, https:\/\/www.laterrassedurabioux.com\/wp-content\/uploads\/2024\/05\/PXL_20220812_132524536-2048x1536.jpg 2048w, https:\/\/www.laterrassedurabioux.com\/wp-content\/uploads\/2024\/05\/PXL_20220812_132524536-160x120.jpg 160w\" sizes=\"(max-width: 1024px) 100vw, 1024px\" \/><\/figure><\/div>\n\n\n\n<div style=\"height:50px\" aria-hidden=\"true\" class=\"wp-block-spacer\"><\/div>\n\n\n\n<div class=\"wp-block-media-text is-stacked-on-mobile is-image-fill\"><figure class=\"wp-block-media-text__media\" style=\"background-image:url(https:\/\/www.laterrassedurabioux.com\/wp-content\/uploads\/2024\/05\/PXL_20240229_141457968-1024x771.jpg);background-position:37% 55%\"><img loading=\"lazy\" decoding=\"async\" width=\"1024\" height=\"771\" src=\"https:\/\/www.laterrassedurabioux.com\/wp-content\/uploads\/2024\/05\/PXL_20240229_141457968-1024x771.jpg\" alt=\"\" class=\"wp-image-1317 size-full\" srcset=\"https:\/\/www.laterrassedurabioux.com\/wp-content\/uploads\/2024\/05\/PXL_20240229_141457968-1024x771.jpg 1024w, https:\/\/www.laterrassedurabioux.com\/wp-content\/uploads\/2024\/05\/PXL_20240229_141457968-300x226.jpg 300w, https:\/\/www.laterrassedurabioux.com\/wp-content\/uploads\/2024\/05\/PXL_20240229_141457968-768x578.jpg 768w, https:\/\/www.laterrassedurabioux.com\/wp-content\/uploads\/2024\/05\/PXL_20240229_141457968-1536x1157.jpg 1536w, https:\/\/www.laterrassedurabioux.com\/wp-content\/uploads\/2024\/05\/PXL_20240229_141457968-2048x1542.jpg 2048w\" sizes=\"(max-width: 1024px) 100vw, 1024px\" \/><\/figure><div class=\"wp-block-media-text__content\">\n<h2 class=\"wp-block-heading\">Stations de Ski des Hautes-Alpes<\/h2>\n\n\n\n<p>Pour les amateurs de glisse, les stations de Serre Chevalier, Montgen\u00e8vre, Vars ou Orci\u00e8res-Merlette sont \u00e0 proximit\u00e9 et promettent de belles descentes enneig\u00e9es.<\/p>\n<\/div><\/div>\n\n\n\n<div style=\"height:50px\" aria-hidden=\"true\" class=\"wp-block-spacer\"><\/div>\n\n\n\n<div class=\"wp-block-media-text has-media-on-the-right is-stacked-on-mobile is-image-fill\"><div class=\"wp-block-media-text__content\">\n<h2 class=\"wp-block-heading\">Lac de Siguret<\/h2>\n\n\n\n<p>Le Lac de Siguret est un charmant lac naturel situ\u00e9 sur l&rsquo;autre rive de la Durance juste en face du G\u00eete. <\/p>\n\n\n\n<p>Le Lac de Siguret est un lieu d\u2019une grande beaut\u00e9 naturelle, parfait pour ceux qui cherchent \u00e0 s\u2019\u00e9vader dans la nature et \u00e0 d\u00e9couvrir le patrimoine local.<\/p>\n\n\n\n<p>Surplombant le lac, la Chapelle Saint-Roch, offre une vue magnifique sur l\u2019Embrunais, la Durance et les sommets environnants.<\/p>\n<\/div><figure class=\"wp-block-media-text__media\" style=\"background-image:url(https:\/\/www.laterrassedurabioux.com\/wp-content\/uploads\/2024\/05\/PXL_20220813_114311744-1024x768.jpg);background-position:58% 70%\"><img loading=\"lazy\" decoding=\"async\" width=\"1024\" height=\"768\" src=\"https:\/\/www.laterrassedurabioux.com\/wp-content\/uploads\/2024\/05\/PXL_20220813_114311744-1024x768.jpg\" alt=\"\" class=\"wp-image-1323 size-full\" srcset=\"https:\/\/www.laterrassedurabioux.com\/wp-content\/uploads\/2024\/05\/PXL_20220813_114311744-1024x768.jpg 1024w, https:\/\/www.laterrassedurabioux.com\/wp-content\/uploads\/2024\/05\/PXL_20220813_114311744-300x225.jpg 300w, https:\/\/www.laterrassedurabioux.com\/wp-content\/uploads\/2024\/05\/PXL_20220813_114311744-768x576.jpg 768w, https:\/\/www.laterrassedurabioux.com\/wp-content\/uploads\/2024\/05\/PXL_20220813_114311744-1536x1152.jpg 1536w, https:\/\/www.laterrassedurabioux.com\/wp-content\/uploads\/2024\/05\/PXL_20220813_114311744-2048x1536.jpg 2048w, https:\/\/www.laterrassedurabioux.com\/wp-content\/uploads\/2024\/05\/PXL_20220813_114311744-160x120.jpg 160w\" sizes=\"(max-width: 1024px) 100vw, 1024px\" \/><\/figure><\/div>\n\n\n\n<div style=\"height:50px\" aria-hidden=\"true\" class=\"wp-block-spacer\"><\/div>\n\n\n\n<div class=\"wp-block-media-text is-stacked-on-mobile is-image-fill\" style=\"grid-template-columns:40% auto\"><figure class=\"wp-block-media-text__media\" style=\"background-image:url(https:\/\/www.laterrassedurabioux.com\/wp-content\/uploads\/2024\/05\/PXL_20240226_151345177.mp4);background-position:50% 50%\"><video controls src=\"https:\/\/www.laterrassedurabioux.com\/wp-content\/uploads\/2024\/05\/PXL_20240226_151345177.mp4\"><\/video><\/figure><div class=\"wp-block-media-text__content\">\n<h2 class=\"wp-block-heading\">Vague du Rabioux<\/h2>\n\n\n\n<p>Possibilit\u00e9 de la voir et de l&rsquo;entendre depuis le G\u00eete, cette vague est un incontournable pour les amateurs de sports nautiques. Que vous la contempliez depuis la rive ou que vous la preniez en rafting ou en hydrospeed, elle offre une exp\u00e9rience impressionnante.<\/p>\n<\/div><\/div>\n\n\n\n<div style=\"height:50px\" aria-hidden=\"true\" class=\"wp-block-spacer\"><\/div>\n\n\n\n<p class=\"has-medium-font-size\">Ch\u00e2teauroux-les-Alpes est un point de d\u00e9part parfait pour explorer ces sites d\u2019exception. Que vous soyez passionn\u00e9 d\u2019histoire, de nature ou de sports, cette r\u00e9gion a beaucoup \u00e0 offrir. Bon voyage et belles d\u00e9couvertes !<\/p>\n","protected":false},"excerpt":{"rendered":"<p>Bienvenue \u00e0 Ch\u00e2teauroux-les-Alpes, un joyau nich\u00e9 dans les Hautes-Alpes, o\u00f9 la nature et l\u2019histoire se rencontrent pour offrir une exp\u00e9rience inoubliable. Voici un guide des lieux incontournables \u00e0 visiter : Lac de Serre-Pon\u00e7on Surnomm\u00e9 la \u201cmer \u00e0 la montagne\u201d, le lac de Serre-Pon\u00e7on est un incontournable. \u00c0 seulement 13 km de Ch\u00e2teauroux-les-Alpes, ce vaste plan&hellip;<\/p>\n","protected":false},"author":1,"featured_media":0,"parent":0,"menu_order":0,"comment_status":"closed","ping_status":"closed","template":"","meta":{"_eb_attr":"","footnotes":""},"class_list":["post-1137","page","type-page","status-publish","hentry"],"_links":{"self":[{"href":"https:\/\/www.laterrassedurabioux.com\/index.php?rest_route=\/wp\/v2\/pages\/1137","targetHints":{"allow":["GET"]}}],"collection":[{"href":"https:\/\/www.laterrassedurabioux.com\/index.php?rest_route=\/wp\/v2\/pages"}],"about":[{"href":"https:\/\/www.laterrassedurabioux.com\/index.php?rest_route=\/wp\/v2\/types\/page"}],"author":[{"embeddable":true,"href":"https:\/\/www.laterrassedurabioux.com\/index.php?rest_route=\/wp\/v2\/users\/1"}],"replies":[{"embeddable":true,"href":"https:\/\/www.laterrassedurabioux.com\/index.php?rest_route=%2Fwp%2Fv2%2Fcomments&post=1137"}],"version-history":[{"count":19,"href":"https:\/\/www.laterrassedurabioux.com\/index.php?rest_route=\/wp\/v2\/pages\/1137\/revisions"}],"predecessor-version":[{"id":1340,"href":"https:\/\/www.laterrassedurabioux.com\/index.php?rest_route=\/wp\/v2\/pages\/1137\/revisions\/1340"}],"wp:attachment":[{"href":"https:\/\/www.laterrassedurabioux.com\/index.php?rest_route=%2Fwp%2Fv2%2Fmedia&parent=1137"}],"curies":[{"name":"wp","href":"https:\/\/api.w.org\/{rel}","templated":true}]}}